{"id":87,"date":"2018-02-08T15:28:52","date_gmt":"2018-02-08T14:28:52","guid":{"rendered":"http:\/\/rosebud.mikado-themes.com\/?page_id=87"},"modified":"2021-02-02T20:32:46","modified_gmt":"2021-02-02T19:32:46","slug":"chi-siamo","status":"publish","type":"page","link":"https:\/\/www.radaelli1886.com\/it\/chi-siamo\/","title":{"rendered":"Chi siamo"},"content":{"rendered":"<div class=\"wpb-content-wrapper\"><p>[vc_row gap=&#8221;25&#8243; row_content_width=&#8221;grid&#8221; css=&#8221;.vc_custom_1600768077229{padding-top: 140px !important;padding-bottom: 100px !important;}&#8221;][vc_column offset=&#8221;vc_col-lg-6&#8243;]<div class=\"mkdf-section-title-holder  \" >\n\t<div class=\"mkdf-st-inner\">\n        \t\t\t\t\t<h2 class=\"mkdf-st-title\" >\n\t\t\t\tLa nostra storia\t\t\t<\/h2>\n\t\t\t\t\t<\/div>\n<\/div>[vc_column_text css=&#8221;.vc_custom_1612282779201{padding-bottom: 30px !important;}&#8221;]Radaelli nasce nel 1886 a Milano. Storica boutique di fiori nel cuore del quadrilatero della moda, rappresenta una delle eccellenze della citt\u00e0.<\/p>\n<p>Il tocco artigianale \u00e8 un patrimonio tramandato di generazione in generazione. Giuseppe Sironi \u00e8 stato il cuore creativo di Radaelli dal 1959. Il suo stile unico \u00e8 stato pi\u00f9 volte riconosciuto. Nel 1990 vinse il prestigioso concorso<i>\u00a0Le <\/i><i>Floralies<\/i><i> de <\/i><i>Gand<\/i>\u00a0grazie alle sue rinomate Azalee, selezionate anche dalla regina Paola per decorare la sua residenza.<\/p>\n<p>Tra gli amati clienti di Giuseppe Sironi ci sono state negli anni personalit\u00e0 di rilievo come Valentina Cortese, Maria Callas, Grace Kelly e Ava Gardner.<\/p>\n<p>Oggi Marco Sironi dirige il flower design di Radaelli. Dopo aver completato gli studi a Ginevra presso l\u2019Ecole d\u2019horticolture de Ch\u00e2telaine-Lullier, nel 1975 decide di seguire la strada del padre e negli anni sviluppa un gusto raffinato nelle composizioni floreali, mantenendo sempre il tocco caratteristico di Radaelli.<\/p>\n<p>La lista dei clienti include la maggior parte dei protagonisti della moda milanese. La boutique mantiene tuttavia un\u2019attenzione unica ad ogni creazione offrendo una consulenza personalizzata ai suoi clienti. Ogni giorno vengono realizzati bouquet e composizioni artigianali con la massima attenzione al dettaglio e utilizzando materiali di prima qualit\u00e0.[\/vc_column_text][\/vc_column][vc_column offset=&#8221;vc_col-lg-6&#8243;][vc_single_image image=&#8221;2375&#8243; img_size=&#8221;full&#8221;][\/vc_column][\/vc_row][vc_row][vc_column]<div class=\"mkdf-image-gallery  mkdf-ig-masonry-fixed-type mkdf-no-space  mkdf-image-behavior-lightbox mkdf-image-hover-shader mkdf-ig-masonry-type\">\n\t<div class=\"mkdf-ig-inner mkdf-outer-space mkdf-ig-masonry mkdf-ig-five-columns\">\n\t\t<div class=\"mkdf-ig-grid-sizer\"><\/div>\n\t\t<div class=\"mkdf-ig-grid-gutter\"><\/div>\n\t\t\t\t\t\t\t\t<div class=\"mkdf-ig-image mkdf-item-space mkdf-image-gallery-masonry-fixed mkdf-default-masonry-item\">\n\t\t\t\t<div class=\"mkdf-ig-image-inner\">\n\t\t\t\t\t\t\t\t\t\t\t<a itemprop=\"image\" class=\"mkdf-ig-lightbox\" href=\"https:\/\/www.radaelli1886.com\/wp-content\/uploads\/2021\/01\/fatt1920.jpg\" data-rel=\"prettyPhoto[image_gallery_pretty_photo-765]\" title=\"fatt1920\">\n\t\t\t\t\t\t\t\t\t\t\t<img loading=\"lazy\" decoding=\"async\" width=\"550\" height=\"550\" src=\"https:\/\/www.radaelli1886.com\/wp-content\/uploads\/2021\/01\/fatt1920-550x550.jpg\" class=\"attachment-rosebud_mikado_square size-rosebud_mikado_square\" alt=\"\" srcset=\"https:\/\/www.radaelli1886.com\/wp-content\/uploads\/2021\/01\/fatt1920-550x550.jpg 550w, https:\/\/www.radaelli1886.com\/wp-content\/uploads\/2021\/01\/fatt1920-80x80.jpg 80w\" sizes=\"(max-width: 550px) 100vw, 550px\" \/>\t\t\t\t\t\t\t\t\t\t\t<\/a>\n\t\t\t\t\t\t\t\t\t<\/div>\n\t\t\t<\/div>\n\t\t\t\t\t\t\t\t<div class=\"mkdf-ig-image mkdf-item-space mkdf-image-gallery-masonry-fixed mkdf-default-masonry-item\">\n\t\t\t\t<div class=\"mkdf-ig-image-inner\">\n\t\t\t\t\t\t\t\t\t\t\t<a itemprop=\"image\" class=\"mkdf-ig-lightbox\" href=\"https:\/\/www.radaelli1886.com\/wp-content\/uploads\/2021\/01\/IMG_6327.jpg\" data-rel=\"prettyPhoto[image_gallery_pretty_photo-765]\" title=\"IMG_6327\">\n\t\t\t\t\t\t\t\t\t\t\t<img loading=\"lazy\" decoding=\"async\" width=\"550\" height=\"550\" src=\"https:\/\/www.radaelli1886.com\/wp-content\/uploads\/2021\/01\/IMG_6327-550x550.jpg\" class=\"attachment-rosebud_mikado_square size-rosebud_mikado_square\" alt=\"\" srcset=\"https:\/\/www.radaelli1886.com\/wp-content\/uploads\/2021\/01\/IMG_6327-550x550.jpg 550w, https:\/\/www.radaelli1886.com\/wp-content\/uploads\/2021\/01\/IMG_6327-80x80.jpg 80w\" sizes=\"(max-width: 550px) 100vw, 550px\" \/>\t\t\t\t\t\t\t\t\t\t\t<\/a>\n\t\t\t\t\t\t\t\t\t<\/div>\n\t\t\t<\/div>\n\t\t\t\t\t\t\t\t<div class=\"mkdf-ig-image mkdf-item-space mkdf-image-gallery-masonry-fixed mkdf-default-masonry-item\">\n\t\t\t\t<div class=\"mkdf-ig-image-inner\">\n\t\t\t\t\t\t\t\t\t\t\t<a itemprop=\"image\" class=\"mkdf-ig-lightbox\" href=\"https:\/\/www.radaelli1886.com\/wp-content\/uploads\/2021\/01\/IMG_6332.jpg\" data-rel=\"prettyPhoto[image_gallery_pretty_photo-765]\" title=\"IMG_6332\">\n\t\t\t\t\t\t\t\t\t\t\t<img loading=\"lazy\" decoding=\"async\" width=\"550\" height=\"550\" src=\"https:\/\/www.radaelli1886.com\/wp-content\/uploads\/2021\/01\/IMG_6332-550x550.jpg\" class=\"attachment-rosebud_mikado_square size-rosebud_mikado_square\" alt=\"\" srcset=\"https:\/\/www.radaelli1886.com\/wp-content\/uploads\/2021\/01\/IMG_6332-550x550.jpg 550w, https:\/\/www.radaelli1886.com\/wp-content\/uploads\/2021\/01\/IMG_6332-80x80.jpg 80w\" sizes=\"(max-width: 550px) 100vw, 550px\" \/>\t\t\t\t\t\t\t\t\t\t\t<\/a>\n\t\t\t\t\t\t\t\t\t<\/div>\n\t\t\t<\/div>\n\t\t\t\t\t\t\t\t<div class=\"mkdf-ig-image mkdf-item-space mkdf-image-gallery-masonry-fixed mkdf-default-masonry-item\">\n\t\t\t\t<div class=\"mkdf-ig-image-inner\">\n\t\t\t\t\t\t\t\t\t\t\t<a itemprop=\"image\" class=\"mkdf-ig-lightbox\" href=\"https:\/\/www.radaelli1886.com\/wp-content\/uploads\/2021\/01\/IMG_6331.jpg\" data-rel=\"prettyPhoto[image_gallery_pretty_photo-765]\" title=\"IMG_6331\">\n\t\t\t\t\t\t\t\t\t\t\t<img loading=\"lazy\" decoding=\"async\" width=\"550\" height=\"550\" src=\"https:\/\/www.radaelli1886.com\/wp-content\/uploads\/2021\/01\/IMG_6331-550x550.jpg\" class=\"attachment-rosebud_mikado_square size-rosebud_mikado_square\" alt=\"\" srcset=\"https:\/\/www.radaelli1886.com\/wp-content\/uploads\/2021\/01\/IMG_6331-550x550.jpg 550w, https:\/\/www.radaelli1886.com\/wp-content\/uploads\/2021\/01\/IMG_6331-80x80.jpg 80w\" sizes=\"(max-width: 550px) 100vw, 550px\" \/>\t\t\t\t\t\t\t\t\t\t\t<\/a>\n\t\t\t\t\t\t\t\t\t<\/div>\n\t\t\t<\/div>\n\t\t\t\t\t\t\t\t<div class=\"mkdf-ig-image mkdf-item-space mkdf-image-gallery-masonry-fixed mkdf-default-masonry-item\">\n\t\t\t\t<div class=\"mkdf-ig-image-inner\">\n\t\t\t\t\t\t\t\t\t\t\t<a itemprop=\"image\" class=\"mkdf-ig-lightbox\" href=\"https:\/\/www.radaelli1886.com\/wp-content\/uploads\/2021\/01\/IMG_6337.jpg\" data-rel=\"prettyPhoto[image_gallery_pretty_photo-765]\" title=\"IMG_6337\">\n\t\t\t\t\t\t\t\t\t\t\t<img loading=\"lazy\" decoding=\"async\" width=\"550\" height=\"550\" src=\"https:\/\/www.radaelli1886.com\/wp-content\/uploads\/2021\/01\/IMG_6337-550x550.jpg\" class=\"attachment-rosebud_mikado_square size-rosebud_mikado_square\" alt=\"\" srcset=\"https:\/\/www.radaelli1886.com\/wp-content\/uploads\/2021\/01\/IMG_6337-550x550.jpg 550w, https:\/\/www.radaelli1886.com\/wp-content\/uploads\/2021\/01\/IMG_6337-80x80.jpg 80w\" sizes=\"(max-width: 550px) 100vw, 550px\" \/>\t\t\t\t\t\t\t\t\t\t\t<\/a>\n\t\t\t\t\t\t\t\t\t<\/div>\n\t\t\t<\/div>\n\t\t\t\t\t\t\t\t<div class=\"mkdf-ig-image mkdf-item-space mkdf-image-gallery-masonry-fixed mkdf-default-masonry-item\">\n\t\t\t\t<div class=\"mkdf-ig-image-inner\">\n\t\t\t\t\t\t\t\t\t\t\t<a itemprop=\"image\" class=\"mkdf-ig-lightbox\" href=\"https:\/\/www.radaelli1886.com\/wp-content\/uploads\/2021\/01\/IMG_6338.jpg\" data-rel=\"prettyPhoto[image_gallery_pretty_photo-765]\" title=\"IMG_6338\">\n\t\t\t\t\t\t\t\t\t\t\t<img loading=\"lazy\" decoding=\"async\" width=\"550\" height=\"550\" src=\"https:\/\/www.radaelli1886.com\/wp-content\/uploads\/2021\/01\/IMG_6338-550x550.jpg\" class=\"attachment-rosebud_mikado_square size-rosebud_mikado_square\" alt=\"\" srcset=\"https:\/\/www.radaelli1886.com\/wp-content\/uploads\/2021\/01\/IMG_6338-550x550.jpg 550w, https:\/\/www.radaelli1886.com\/wp-content\/uploads\/2021\/01\/IMG_6338-80x80.jpg 80w\" sizes=\"(max-width: 550px) 100vw, 550px\" \/>\t\t\t\t\t\t\t\t\t\t\t<\/a>\n\t\t\t\t\t\t\t\t\t<\/div>\n\t\t\t<\/div>\n\t\t\t\t\t\t\t\t<div class=\"mkdf-ig-image mkdf-item-space mkdf-image-gallery-masonry-fixed mkdf-default-masonry-item\">\n\t\t\t\t<div class=\"mkdf-ig-image-inner\">\n\t\t\t\t\t\t\t\t\t\t\t<a itemprop=\"image\" class=\"mkdf-ig-lightbox\" href=\"https:\/\/www.radaelli1886.com\/wp-content\/uploads\/2021\/01\/IMG_6339.jpg\" data-rel=\"prettyPhoto[image_gallery_pretty_photo-765]\" title=\"IMG_6339\">\n\t\t\t\t\t\t\t\t\t\t\t<img loading=\"lazy\" decoding=\"async\" width=\"550\" height=\"550\" src=\"https:\/\/www.radaelli1886.com\/wp-content\/uploads\/2021\/01\/IMG_6339-550x550.jpg\" class=\"attachment-rosebud_mikado_square size-rosebud_mikado_square\" alt=\"\" srcset=\"https:\/\/www.radaelli1886.com\/wp-content\/uploads\/2021\/01\/IMG_6339-550x550.jpg 550w, https:\/\/www.radaelli1886.com\/wp-content\/uploads\/2021\/01\/IMG_6339-80x80.jpg 80w\" sizes=\"(max-width: 550px) 100vw, 550px\" \/>\t\t\t\t\t\t\t\t\t\t\t<\/a>\n\t\t\t\t\t\t\t\t\t<\/div>\n\t\t\t<\/div>\n\t\t\t\t\t\t\t\t<div class=\"mkdf-ig-image mkdf-item-space mkdf-image-gallery-masonry-fixed mkdf-default-masonry-item\">\n\t\t\t\t<div class=\"mkdf-ig-image-inner\">\n\t\t\t\t\t\t\t\t\t\t\t<a itemprop=\"image\" class=\"mkdf-ig-lightbox\" href=\"https:\/\/www.radaelli1886.com\/wp-content\/uploads\/2021\/01\/IMG_6333.jpg\" data-rel=\"prettyPhoto[image_gallery_pretty_photo-765]\" title=\"IMG_6333\">\n\t\t\t\t\t\t\t\t\t\t\t<img loading=\"lazy\" decoding=\"async\" width=\"550\" height=\"550\" src=\"https:\/\/www.radaelli1886.com\/wp-content\/uploads\/2021\/01\/IMG_6333-550x550.jpg\" class=\"attachment-rosebud_mikado_square size-rosebud_mikado_square\" alt=\"\" srcset=\"https:\/\/www.radaelli1886.com\/wp-content\/uploads\/2021\/01\/IMG_6333-550x550.jpg 550w, https:\/\/www.radaelli1886.com\/wp-content\/uploads\/2021\/01\/IMG_6333-80x80.jpg 80w\" sizes=\"(max-width: 550px) 100vw, 550px\" \/>\t\t\t\t\t\t\t\t\t\t\t<\/a>\n\t\t\t\t\t\t\t\t\t<\/div>\n\t\t\t<\/div>\n\t\t\t\t\t\t\t\t<div class=\"mkdf-ig-image mkdf-item-space mkdf-image-gallery-masonry-fixed mkdf-default-masonry-item\">\n\t\t\t\t<div class=\"mkdf-ig-image-inner\">\n\t\t\t\t\t\t\t\t\t\t\t<a itemprop=\"image\" class=\"mkdf-ig-lightbox\" href=\"https:\/\/www.radaelli1886.com\/wp-content\/uploads\/2021\/01\/IMG_6340.jpg\" data-rel=\"prettyPhoto[image_gallery_pretty_photo-765]\" title=\"IMG_6340\">\n\t\t\t\t\t\t\t\t\t\t\t<img loading=\"lazy\" decoding=\"async\" width=\"550\" height=\"550\" src=\"https:\/\/www.radaelli1886.com\/wp-content\/uploads\/2021\/01\/IMG_6340-550x550.jpg\" class=\"attachment-rosebud_mikado_square size-rosebud_mikado_square\" alt=\"\" srcset=\"https:\/\/www.radaelli1886.com\/wp-content\/uploads\/2021\/01\/IMG_6340-550x550.jpg 550w, https:\/\/www.radaelli1886.com\/wp-content\/uploads\/2021\/01\/IMG_6340-80x80.jpg 80w\" sizes=\"(max-width: 550px) 100vw, 550px\" \/>\t\t\t\t\t\t\t\t\t\t\t<\/a>\n\t\t\t\t\t\t\t\t\t<\/div>\n\t\t\t<\/div>\n\t\t\t\t\t\t\t\t<div class=\"mkdf-ig-image mkdf-item-space mkdf-image-gallery-masonry-fixed mkdf-default-masonry-item\">\n\t\t\t\t<div class=\"mkdf-ig-image-inner\">\n\t\t\t\t\t\t\t\t\t\t\t<a itemprop=\"image\" class=\"mkdf-ig-lightbox\" href=\"https:\/\/www.radaelli1886.com\/wp-content\/uploads\/2021\/02\/uboutus1.jpg\" data-rel=\"prettyPhoto[image_gallery_pretty_photo-765]\" title=\"uboutus1\">\n\t\t\t\t\t\t\t\t\t\t\t<img loading=\"lazy\" decoding=\"async\" width=\"550\" height=\"550\" src=\"https:\/\/www.radaelli1886.com\/wp-content\/uploads\/2021\/02\/uboutus1-550x550.jpg\" class=\"attachment-rosebud_mikado_square size-rosebud_mikado_square\" alt=\"\" srcset=\"https:\/\/www.radaelli1886.com\/wp-content\/uploads\/2021\/02\/uboutus1-550x550.jpg 550w, https:\/\/www.radaelli1886.com\/wp-content\/uploads\/2021\/02\/uboutus1-80x80.jpg 80w\" sizes=\"(max-width: 550px) 100vw, 550px\" \/>\t\t\t\t\t\t\t\t\t\t\t<\/a>\n\t\t\t\t\t\t\t\t\t<\/div>\n\t\t\t<\/div>\n\t\t\t<\/div>\n<\/div>[\/vc_column][\/vc_row][vc_row row_content_width=&#8221;grid&#8221; css=&#8221;.vc_custom_1611941118722{padding-top: 70px !important;padding-bottom: 70px !important;}&#8221;][vc_column width=&#8221;1\/3&#8243;]<div class=\"mkdf-iwt clearfix  mkdf-iwt-icon-left mkdf-iwt-icon-medium \">\n\t<div class=\"mkdf-iwt-icon\">\n\t\t\t\t\t\t\t\t\t<span class=\"mkdf-iwt-custom-icon\">\n\t\t\t\t\t<img loading=\"lazy\" decoding=\"async\" width=\"77\" height=\"56\" src=\"https:\/\/www.radaelli1886.com\/wp-content\/uploads\/2020\/09\/main-home-icon-1.png\" class=\"attachment-full size-full\" alt=\"\" \/>\t\t\t\t\t\t\t\t\t<\/span>\n\t\t\t\t\t\t<\/div>\n\t<div class=\"mkdf-iwt-content\" >\n\t\t\t\t\t<h5 class=\"mkdf-iwt-title\" >\n\t\t\t\t\t\t\t\t<span class=\"mkdf-iwt-title-text\">Acquista online<\/span>\n\t\t\t\t\t\t\t<\/h5>\n\t\t\t\t\t<\/div>\n<\/div>[\/vc_column][vc_column width=&#8221;1\/3&#8243;]<div class=\"mkdf-iwt clearfix  mkdf-iwt-icon-left mkdf-iwt-icon-medium \">\n\t<div class=\"mkdf-iwt-icon\">\n\t\t\t\t\t\t\t\t\t<span class=\"mkdf-iwt-custom-icon\">\n\t\t\t\t\t<img loading=\"lazy\" decoding=\"async\" width=\"77\" height=\"56\" src=\"https:\/\/www.radaelli1886.com\/wp-content\/uploads\/2020\/09\/main-home-icon-2.png\" class=\"attachment-full size-full\" alt=\"\" \/>\t\t\t\t\t\t\t\t\t<\/span>\n\t\t\t\t\t\t<\/div>\n\t<div class=\"mkdf-iwt-content\" >\n\t\t\t\t\t<h5 class=\"mkdf-iwt-title\" >\n\t\t\t\t\t\t\t\t<span class=\"mkdf-iwt-title-text\">Consegne rapide<\/span>\n\t\t\t\t\t\t\t<\/h5>\n\t\t\t\t\t<\/div>\n<\/div>[\/vc_column][vc_column width=&#8221;1\/3&#8243;]<div class=\"mkdf-iwt clearfix  mkdf-iwt-icon-left mkdf-iwt-icon-medium \">\n\t<div class=\"mkdf-iwt-icon\">\n\t\t\t\t\t\t\t\t\t<span class=\"mkdf-iwt-custom-icon\">\n\t\t\t\t\t<img loading=\"lazy\" decoding=\"async\" width=\"77\" height=\"56\" src=\"https:\/\/www.radaelli1886.com\/wp-content\/uploads\/2020\/09\/main-home-icon-3.png\" class=\"attachment-full size-full\" alt=\"\" \/>\t\t\t\t\t\t\t\t\t<\/span>\n\t\t\t\t\t\t<\/div>\n\t<div class=\"mkdf-iwt-content\" >\n\t\t\t\t\t<h5 class=\"mkdf-iwt-title\" >\n\t\t\t\t\t\t\t\t<span class=\"mkdf-iwt-title-text\">Creazioni artigianali<\/span>\n\t\t\t\t\t\t\t<\/h5>\n\t\t\t\t\t<\/div>\n<\/div>[\/vc_column][\/vc_row][vc_row simple_background_color=&#8221;#ecf1ea&#8221; css=&#8221;.vc_custom_1611941130023{padding-top: 36px !important;}&#8221;][vc_column]<div class=\"mkdf-testimonials-holder mkdf-testimonials-standard  clearfix\"><div class=\"mkdf-testimonials mkdf-owl-slider\" data-number-of-items=\"1\" data-enable-loop=\"yes\" data-enable-autoplay=\"yes\" data-slider-speed=\"5000\" data-slider-speed-animation=\"600\" data-enable-navigation=\"yes\" data-enable-pagination=\"yes\"><div class=\"mkdf-testimonial-content\" id=\"mkdf-testimonials-1994\">\n\t<div class=\"mkdf-testimonial-text-holder\">\n        \t\t            <h2 itemprop=\"name\" class=\"mkdf-testimonial-title entry-title\">La cura del cliente<\/h2>\n        \t\t\t\t\t<p class=\"mkdf-testimonial-text\">Sono rimasto piacevolmente colpito dell&#039;attenzione e professionalit\u00e0, oltre che dalla qualit\u00e0 dei fiori.<\/p>\n\t\t\t\t\t\t\t<div class=\"mkdf-testimonial-author\">\n\t\t\t\t<h5 class=\"mkdf-testimonials-author-name\">Antonio Rizzi<\/h5>\n\t\t\t\t\t\t\t<\/div>\n\t\t\t<\/div>\n\t<\/div><div class=\"mkdf-testimonial-content\" id=\"mkdf-testimonials-1993\">\n\t<div class=\"mkdf-testimonial-text-holder\">\n        \t\t            <h2 itemprop=\"name\" class=\"mkdf-testimonial-title entry-title\">Un&#039;emozione incredibile<\/h2>\n        \t\t\t\t\t<p class=\"mkdf-testimonial-text\">Il bouquet semplicemente stupendo... Sono rimasta senza parole, al vederlo mi sono emozionata... Bravi ragazzi!<\/p>\n\t\t\t\t\t\t\t<div class=\"mkdf-testimonial-author\">\n\t\t\t\t<h5 class=\"mkdf-testimonials-author-name\">Carmela Benedetto<\/h5>\n\t\t\t\t\t\t\t<\/div>\n\t\t\t<\/div>\n\t<\/div><div class=\"mkdf-testimonial-content\" id=\"mkdf-testimonials-1991\">\n\t<div class=\"mkdf-testimonial-text-holder\">\n        \t\t            <h2 itemprop=\"name\" class=\"mkdf-testimonial-title entry-title\">Cortesia e professionalit\u00e0<\/h2>\n        \t\t\t\t\t<p class=\"mkdf-testimonial-text\">Ho avuto il piacere entrando in questo negozio di trovare, oltre a piante e composizioni floreali molto belle, anche molta cortesia e professionalit\u00e0. Complimenti!<\/p>\n\t\t\t\t\t\t\t<div class=\"mkdf-testimonial-author\">\n\t\t\t\t<h5 class=\"mkdf-testimonials-author-name\">Marisa Anselmi<\/h5>\n\t\t\t\t\t\t\t<\/div>\n\t\t\t<\/div>\n\t<\/div><\/div><\/div>[\/vc_column][\/vc_row]<\/p>\n<\/div>","protected":false},"excerpt":{"rendered":"<p>[vc_row gap=&#8221;25&#8243; row_content_width=&#8221;grid&#8221; css=&#8221;.vc_custom_1600768077229{padding-top: 140px !important;padding-bottom: 100px !important;}&#8221;][vc_column offset=&#8221;vc_col-lg-6&#8243;][vc_column_text css=&#8221;.vc_custom_1612282779201{padding-bottom: 30px !important;}&#8221;]Radaelli nasce nel 1886 a Milano. Storica boutique di fiori nel cuore del quadrilatero della moda, rappresenta una delle eccellenze della citt\u00e0. Il tocco artigianale \u00e8 un patrimonio tramandato di generazione in generazione. Giuseppe Sironi \u00e8 stato il cuore creativo di Radaelli [&hellip;]<\/p>\n","protected":false},"author":3,"featured_media":0,"parent":0,"menu_order":0,"comment_status":"closed","ping_status":"closed","template":"full-width.php","meta":{"footnotes":""},"yoast_head":"<!-- This site is optimized with the Yoast SEO plugin v21.7 - https:\/\/yoast.com\/wordpress\/plugins\/seo\/ -->\n<title>Chi siamo - Angelo Radaelli<\/title>\n<meta name=\"robots\" content=\"index, follow, max-snippet:-1, max-image-preview:large, max-video-preview:-1\" \/>\n<link rel=\"canonical\" href=\"https:\/\/www.radaelli1886.com\/it\/about-us\/\" \/>\n<meta property=\"og:locale\" content=\"it_IT\" \/>\n<meta property=\"og:type\" content=\"article\" \/>\n<meta property=\"og:title\" content=\"Chi siamo - Angelo Radaelli\" \/>\n<meta property=\"og:description\" content=\"[vc_row gap=&#8221;25&#8243; row_content_width=&#8221;grid&#8221; css=&#8221;.vc_custom_1600768077229{padding-top: 140px !important;padding-bottom: 100px !important;}&#8221;][vc_column offset=&#8221;vc_col-lg-6&#8243;][vc_column_text css=&#8221;.vc_custom_1612282779201{padding-bottom: 30px !important;}&#8221;]Radaelli nasce nel 1886 a Milano. Storica boutique di fiori nel cuore del quadrilatero della moda, rappresenta una delle eccellenze della citt\u00e0. Il tocco artigianale \u00e8 un patrimonio tramandato di generazione in generazione. Giuseppe Sironi \u00e8 stato il cuore creativo di Radaelli [&hellip;]\" \/>\n<meta property=\"og:url\" content=\"https:\/\/www.radaelli1886.com\/about-us\/\" \/>\n<meta property=\"og:site_name\" content=\"Angelo Radaelli\" \/>\n<meta property=\"article:modified_time\" content=\"2021-02-02T19:32:46+00:00\" \/>\n<meta name=\"twitter:card\" content=\"summary_large_image\" \/>\n<script type=\"application\/ld+json\" class=\"yoast-schema-graph\">{\"@context\":\"https:\/\/schema.org\",\"@graph\":[{\"@type\":\"WebPage\",\"@id\":\"https:\/\/www.radaelli1886.com\/about-us\/\",\"url\":\"https:\/\/www.radaelli1886.com\/about-us\/\",\"name\":\"Chi siamo - Angelo Radaelli\",\"isPartOf\":{\"@id\":\"https:\/\/www.radaelli1886.com\/#website\"},\"datePublished\":\"2018-02-08T14:28:52+00:00\",\"dateModified\":\"2021-02-02T19:32:46+00:00\",\"breadcrumb\":{\"@id\":\"https:\/\/www.radaelli1886.com\/about-us\/#breadcrumb\"},\"inLanguage\":\"it-IT\",\"potentialAction\":[{\"@type\":\"ReadAction\",\"target\":[\"https:\/\/www.radaelli1886.com\/about-us\/\"]}]},{\"@type\":\"BreadcrumbList\",\"@id\":\"https:\/\/www.radaelli1886.com\/about-us\/#breadcrumb\",\"itemListElement\":[{\"@type\":\"ListItem\",\"position\":1,\"name\":\"Home\",\"item\":\"https:\/\/www.radaelli1886.com\/it\/\"},{\"@type\":\"ListItem\",\"position\":2,\"name\":\"Chi siamo\"}]},{\"@type\":\"WebSite\",\"@id\":\"https:\/\/www.radaelli1886.com\/#website\",\"url\":\"https:\/\/www.radaelli1886.com\/\",\"name\":\"Angelo Radaelli\",\"description\":\"Fioraio a Milano dal 1886\",\"potentialAction\":[{\"@type\":\"SearchAction\",\"target\":{\"@type\":\"EntryPoint\",\"urlTemplate\":\"https:\/\/www.radaelli1886.com\/?s={search_term_string}\"},\"query-input\":\"required name=search_term_string\"}],\"inLanguage\":\"it-IT\"}]}<\/script>\n<!-- \/ Yoast SEO plugin. -->","yoast_head_json":{"title":"Chi siamo - Angelo Radaelli","robots":{"index":"index","follow":"follow","max-snippet":"max-snippet:-1","max-image-preview":"max-image-preview:large","max-video-preview":"max-video-preview:-1"},"canonical":"https:\/\/www.radaelli1886.com\/it\/about-us\/","og_locale":"it_IT","og_type":"article","og_title":"Chi siamo - Angelo Radaelli","og_description":"[vc_row gap=&#8221;25&#8243; row_content_width=&#8221;grid&#8221; css=&#8221;.vc_custom_1600768077229{padding-top: 140px !important;padding-bottom: 100px !important;}&#8221;][vc_column offset=&#8221;vc_col-lg-6&#8243;][vc_column_text css=&#8221;.vc_custom_1612282779201{padding-bottom: 30px !important;}&#8221;]Radaelli nasce nel 1886 a Milano. Storica boutique di fiori nel cuore del quadrilatero della moda, rappresenta una delle eccellenze della citt\u00e0. Il tocco artigianale \u00e8 un patrimonio tramandato di generazione in generazione. Giuseppe Sironi \u00e8 stato il cuore creativo di Radaelli [&hellip;]","og_url":"https:\/\/www.radaelli1886.com\/about-us\/","og_site_name":"Angelo Radaelli","article_modified_time":"2021-02-02T19:32:46+00:00","twitter_card":"summary_large_image","schema":{"@context":"https:\/\/schema.org","@graph":[{"@type":"WebPage","@id":"https:\/\/www.radaelli1886.com\/about-us\/","url":"https:\/\/www.radaelli1886.com\/about-us\/","name":"Chi siamo - Angelo Radaelli","isPartOf":{"@id":"https:\/\/www.radaelli1886.com\/#website"},"datePublished":"2018-02-08T14:28:52+00:00","dateModified":"2021-02-02T19:32:46+00:00","breadcrumb":{"@id":"https:\/\/www.radaelli1886.com\/about-us\/#breadcrumb"},"inLanguage":"it-IT","potentialAction":[{"@type":"ReadAction","target":["https:\/\/www.radaelli1886.com\/about-us\/"]}]},{"@type":"BreadcrumbList","@id":"https:\/\/www.radaelli1886.com\/about-us\/#breadcrumb","itemListElement":[{"@type":"ListItem","position":1,"name":"Home","item":"https:\/\/www.radaelli1886.com\/it\/"},{"@type":"ListItem","position":2,"name":"Chi siamo"}]},{"@type":"WebSite","@id":"https:\/\/www.radaelli1886.com\/#website","url":"https:\/\/www.radaelli1886.com\/","name":"Angelo Radaelli","description":"Fioraio a Milano dal 1886","potentialAction":[{"@type":"SearchAction","target":{"@type":"EntryPoint","urlTemplate":"https:\/\/www.radaelli1886.com\/?s={search_term_string}"},"query-input":"required name=search_term_string"}],"inLanguage":"it-IT"}]}},"_links":{"self":[{"href":"https:\/\/www.radaelli1886.com\/it\/wp-json\/wp\/v2\/pages\/87"}],"collection":[{"href":"https:\/\/www.radaelli1886.com\/it\/wp-json\/wp\/v2\/pages"}],"about":[{"href":"https:\/\/www.radaelli1886.com\/it\/wp-json\/wp\/v2\/types\/page"}],"author":[{"embeddable":true,"href":"https:\/\/www.radaelli1886.com\/it\/wp-json\/wp\/v2\/users\/3"}],"replies":[{"embeddable":true,"href":"https:\/\/www.radaelli1886.com\/it\/wp-json\/wp\/v2\/comments?post=87"}],"version-history":[{"count":0,"href":"https:\/\/www.radaelli1886.com\/it\/wp-json\/wp\/v2\/pages\/87\/revisions"}],"wp:attachment":[{"href":"https:\/\/www.radaelli1886.com\/it\/wp-json\/wp\/v2\/media?parent=87"}],"curies":[{"name":"wp","href":"https:\/\/api.w.org\/{rel}","templated":true}]}}